{"id":7,"date":"2021-07-31T11:11:32","date_gmt":"2021-07-31T09:11:32","guid":{"rendered":"https:\/\/server073754.nazwa.pl\/wordpress\/wpn_pierwszainstalacja\/?page_id=7"},"modified":"2024-09-05T12:45:50","modified_gmt":"2024-09-05T10:45:50","slug":"informacje","status":"publish","type":"page","link":"https:\/\/chapsnachmass.com\/?page_id=7","title":{"rendered":"Informacje"},"content":{"rendered":"\n<p>Mo\u017cesz by\u0107 artyst\u0105, kt\u00f3ry chcia\u0142by przedstawi\u0107 siebie i swoj\u0105 prac\u0119, a mo\u017ce to strona firmowa, a sama firma ma misj\u0119 do opisania.<\/p>\n","protected":false},"excerpt":{"rendered":"<p>Mo\u017cesz by\u0107 artyst\u0105, kt\u00f3ry chcia\u0142by przedstawi\u0107 siebie i swoj\u0105 prac\u0119, a mo\u017ce to strona firmowa, a sama firma ma misj\u0119 do opisania.<\/p>\n","protected":false},"author":1,"featured_media":0,"parent":0,"menu_order":0,"comment_status":"closed","ping_status":"closed","template":"","meta":{"footnotes":""},"class_list":["post-7","page","type-page","status-publish","hentry"],"yoast_head":"<!-- This site is optimized with the Yoast SEO plugin v16.8 - https:\/\/yoast.com\/wordpress\/plugins\/seo\/ -->\n<title>Informacje - www.chapsnachmass.com<\/title>\n<meta name=\"robots\" content=\"index, follow, max-snippet:-1, max-image-preview:large, max-video-preview:-1\" \/>\n<link rel=\"canonical\" href=\"https:\/\/chapsnachmass.com\/?page_id=7\" \/>\n<meta property=\"og:locale\" content=\"pl_PL\" \/>\n<meta property=\"og:type\" content=\"article\" \/>\n<meta property=\"og:title\" content=\"Informacje - www.chapsnachmass.com\" \/>\n<meta property=\"og:description\" content=\"Mo\u017cesz by\u0107 artyst\u0105, kt\u00f3ry chcia\u0142by przedstawi\u0107 siebie i swoj\u0105 prac\u0119, a mo\u017ce to strona firmowa, a sama firma ma misj\u0119 do opisania.\" \/>\n<meta property=\"og:url\" content=\"https:\/\/chapsnachmass.com\/?page_id=7\" \/>\n<meta property=\"og:site_name\" content=\"www.chapsnachmass.com\" \/>\n<meta property=\"article:modified_time\" content=\"2024-09-05T10:45:50+00:00\" \/>\n<meta name=\"twitter:card\" content=\"summary_large_image\" \/>\n<script type=\"application\/ld+json\" class=\"yoast-schema-graph\">{\"@context\":\"https:\/\/schema.org\",\"@graph\":[{\"@type\":\"WebSite\",\"@id\":\"https:\/\/server073754.nazwa.pl\/wordpress\/wpn_pierwszainstalacja\/#website\",\"url\":\"https:\/\/server073754.nazwa.pl\/wordpress\/wpn_pierwszainstalacja\/\",\"name\":\"www.chapsnachmass.com\",\"description\":\"Ihre Zufridenheit ist unsere h\\u00f6chste Priorit\\u00e4t\",\"potentialAction\":[{\"@type\":\"SearchAction\",\"target\":{\"@type\":\"EntryPoint\",\"urlTemplate\":\"https:\/\/server073754.nazwa.pl\/wordpress\/wpn_pierwszainstalacja\/?s={search_term_string}\"},\"query-input\":\"required name=search_term_string\"}],\"inLanguage\":\"pl-PL\"},{\"@type\":\"WebPage\",\"@id\":\"https:\/\/chapsnachmass.com\/?page_id=7#webpage\",\"url\":\"https:\/\/chapsnachmass.com\/?page_id=7\",\"name\":\"Informacje - www.chapsnachmass.com\",\"isPartOf\":{\"@id\":\"https:\/\/server073754.nazwa.pl\/wordpress\/wpn_pierwszainstalacja\/#website\"},\"datePublished\":\"2021-07-31T09:11:32+00:00\",\"dateModified\":\"2024-09-05T10:45:50+00:00\",\"breadcrumb\":{\"@id\":\"https:\/\/chapsnachmass.com\/?page_id=7#breadcrumb\"},\"inLanguage\":\"pl-PL\",\"potentialAction\":[{\"@type\":\"ReadAction\",\"target\":[\"https:\/\/chapsnachmass.com\/?page_id=7\"]}]},{\"@type\":\"BreadcrumbList\",\"@id\":\"https:\/\/chapsnachmass.com\/?page_id=7#breadcrumb\",\"itemListElement\":[{\"@type\":\"ListItem\",\"position\":1,\"name\":\"Home\",\"item\":\"https:\/\/chapsnachmass.com\/\"},{\"@type\":\"ListItem\",\"position\":2,\"name\":\"Informacje\"}]}]}<\/script>\n<!-- \/ Yoast SEO plugin. -->","yoast_head_json":{"title":"Informacje - www.chapsnachmass.com","robots":{"index":"index","follow":"follow","max-snippet":"max-snippet:-1","max-image-preview":"max-image-preview:large","max-video-preview":"max-video-preview:-1"},"canonical":"https:\/\/chapsnachmass.com\/?page_id=7","og_locale":"pl_PL","og_type":"article","og_title":"Informacje - www.chapsnachmass.com","og_description":"Mo\u017cesz by\u0107 artyst\u0105, kt\u00f3ry chcia\u0142by przedstawi\u0107 siebie i swoj\u0105 prac\u0119, a mo\u017ce to strona firmowa, a sama firma ma misj\u0119 do opisania.","og_url":"https:\/\/chapsnachmass.com\/?page_id=7","og_site_name":"www.chapsnachmass.com","article_modified_time":"2024-09-05T10:45:50+00:00","twitter_card":"summary_large_image","schema":{"@context":"https:\/\/schema.org","@graph":[{"@type":"WebSite","@id":"https:\/\/server073754.nazwa.pl\/wordpress\/wpn_pierwszainstalacja\/#website","url":"https:\/\/server073754.nazwa.pl\/wordpress\/wpn_pierwszainstalacja\/","name":"www.chapsnachmass.com","description":"Ihre Zufridenheit ist unsere h\u00f6chste Priorit\u00e4t","potentialAction":[{"@type":"SearchAction","target":{"@type":"EntryPoint","urlTemplate":"https:\/\/server073754.nazwa.pl\/wordpress\/wpn_pierwszainstalacja\/?s={search_term_string}"},"query-input":"required name=search_term_string"}],"inLanguage":"pl-PL"},{"@type":"WebPage","@id":"https:\/\/chapsnachmass.com\/?page_id=7#webpage","url":"https:\/\/chapsnachmass.com\/?page_id=7","name":"Informacje - www.chapsnachmass.com","isPartOf":{"@id":"https:\/\/server073754.nazwa.pl\/wordpress\/wpn_pierwszainstalacja\/#website"},"datePublished":"2021-07-31T09:11:32+00:00","dateModified":"2024-09-05T10:45:50+00:00","breadcrumb":{"@id":"https:\/\/chapsnachmass.com\/?page_id=7#breadcrumb"},"inLanguage":"pl-PL","potentialAction":[{"@type":"ReadAction","target":["https:\/\/chapsnachmass.com\/?page_id=7"]}]},{"@type":"BreadcrumbList","@id":"https:\/\/chapsnachmass.com\/?page_id=7#breadcrumb","itemListElement":[{"@type":"ListItem","position":1,"name":"Home","item":"https:\/\/chapsnachmass.com\/"},{"@type":"ListItem","position":2,"name":"Informacje"}]}]}},"_links":{"self":[{"href":"https:\/\/chapsnachmass.com\/index.php?rest_route=\/wp\/v2\/pages\/7","targetHints":{"allow":["GET"]}}],"collection":[{"href":"https:\/\/chapsnachmass.com\/index.php?rest_route=\/wp\/v2\/pages"}],"about":[{"href":"https:\/\/chapsnachmass.com\/index.php?rest_route=\/wp\/v2\/types\/page"}],"author":[{"embeddable":true,"href":"https:\/\/chapsnachmass.com\/index.php?rest_route=\/wp\/v2\/users\/1"}],"replies":[{"embeddable":true,"href":"https:\/\/chapsnachmass.com\/index.php?rest_route=%2Fwp%2Fv2%2Fcomments&post=7"}],"version-history":[{"count":1,"href":"https:\/\/chapsnachmass.com\/index.php?rest_route=\/wp\/v2\/pages\/7\/revisions"}],"predecessor-version":[{"id":18,"href":"https:\/\/chapsnachmass.com\/index.php?rest_route=\/wp\/v2\/pages\/7\/revisions\/18"}],"wp:attachment":[{"href":"https:\/\/chapsnachmass.com\/index.php?rest_route=%2Fwp%2Fv2%2Fmedia&parent=7"}],"curies":[{"name":"wp","href":"https:\/\/api.w.org\/{rel}","templated":true}]}}